{"id":170,"date":"2015-01-21T10:26:09","date_gmt":"2015-01-21T10:26:09","guid":{"rendered":"http:\/\/www.foerderverein-wfbm-melle.de\/?page_id=170"},"modified":"2025-09-15T11:42:52","modified_gmt":"2025-09-15T11:42:52","slug":"lokale-nachrichten-aus-ihrer-region-noz-de-stille-pause-fuer-behinderte-der-werkstatt-melle","status":"publish","type":"page","link":"http:\/\/www.foerderverein-wfbm-melle.de\/?page_id=170","title":{"rendered":"Presse Nachrichten"},"content":{"rendered":"\n<figure class=\"wp-block-image size-full\"><a href=\"http:\/\/www.foerderverein-wfbm-melle.de\/wp-content\/uploads\/2025\/09\/Abschied_und_Neuanfang_2025.pdf\" target=\"_blank\" rel=\" noreferrer noopener\"><img loading=\"lazy\" decoding=\"async\" width=\"980\" height=\"793\" src=\"http:\/\/www.foerderverein-wfbm-melle.de\/wp-content\/uploads\/2025\/09\/Abschied_und_Neuanfang_2025-1.jpg\" alt=\"\" class=\"wp-image-1128\" srcset=\"http:\/\/www.foerderverein-wfbm-melle.de\/wp-content\/uploads\/2025\/09\/Abschied_und_Neuanfang_2025-1.jpg 980w, http:\/\/www.foerderverein-wfbm-melle.de\/wp-content\/uploads\/2025\/09\/Abschied_und_Neuanfang_2025-1-300x243.jpg 300w, http:\/\/www.foerderverein-wfbm-melle.de\/wp-content\/uploads\/2025\/09\/Abschied_und_Neuanfang_2025-1-768x621.jpg 768w\" sizes=\"auto, (max-width: 980px) 100vw, 980px\" \/><\/a><\/figure>\n\n\n\n<h2 class=\"wp-block-heading\"><\/h2>\n\n\n\n<figure class=\"wp-block-image size-full\"><a href=\"https:\/\/www.westfalen-blatt.de\/owl\/kreis-minden-luebbecke\/pr-oldendorf\/nrw-heimatpreis-oldendorf-inklusiver-zirkus-3218312\" target=\"_blank\" rel=\" noreferrer noopener\"><img loading=\"lazy\" decoding=\"async\" width=\"980\" height=\"793\" src=\"http:\/\/www.foerderverein-wfbm-melle.de\/wp-content\/uploads\/2025\/01\/NRW-Heimatpreis2025.jpg\" alt=\"\" class=\"wp-image-1056\" srcset=\"http:\/\/www.foerderverein-wfbm-melle.de\/wp-content\/uploads\/2025\/01\/NRW-Heimatpreis2025.jpg 980w, http:\/\/www.foerderverein-wfbm-melle.de\/wp-content\/uploads\/2025\/01\/NRW-Heimatpreis2025-300x243.jpg 300w, http:\/\/www.foerderverein-wfbm-melle.de\/wp-content\/uploads\/2025\/01\/NRW-Heimatpreis2025-768x621.jpg 768w\" sizes=\"auto, (max-width: 980px) 100vw, 980px\" \/><\/a><\/figure>\n\n\n<p><a href=\"http:\/\/www.foerderverein-wfbm-melle.de\/wp-content\/uploads\/2018\/11\/Inklusive_Disco-1.jpg\"><img loading=\"lazy\" decoding=\"async\" class=\"alignleft wp-image-589 size-full\" src=\"http:\/\/www.foerderverein-wfbm-melle.de\/wp-content\/uploads\/2018\/11\/Inklusive_Disco-1.jpg\" alt=\"\" width=\"886\" height=\"2657\" srcset=\"http:\/\/www.foerderverein-wfbm-melle.de\/wp-content\/uploads\/2018\/11\/Inklusive_Disco-1.jpg 886w, http:\/\/www.foerderverein-wfbm-melle.de\/wp-content\/uploads\/2018\/11\/Inklusive_Disco-1-100x300.jpg 100w, http:\/\/www.foerderverein-wfbm-melle.de\/wp-content\/uploads\/2018\/11\/Inklusive_Disco-1-768x2303.jpg 768w, http:\/\/www.foerderverein-wfbm-melle.de\/wp-content\/uploads\/2018\/11\/Inklusive_Disco-1-341x1024.jpg 341w\" sizes=\"auto, (max-width: 886px) 100vw, 886px\" \/><\/a><\/p>\n<p>__________________________________________________________________________________________________________<\/p>\n<p><a href=\"http:\/\/www.foerderverein-wfbm-melle.de\/wp-content\/uploads\/2017\/12\/Goldene_Momente.pdf\" target=\"_blank\" rel=\"noopener\"><img loading=\"lazy\" decoding=\"async\" class=\"alignleft wp-image-531 size-full\" src=\"http:\/\/www.foerderverein-wfbm-melle.de\/wp-content\/uploads\/2017\/12\/Goldene_Momente.jpg\" alt=\"\" width=\"920\" height=\"547\" srcset=\"http:\/\/www.foerderverein-wfbm-melle.de\/wp-content\/uploads\/2017\/12\/Goldene_Momente.jpg 920w, http:\/\/www.foerderverein-wfbm-melle.de\/wp-content\/uploads\/2017\/12\/Goldene_Momente-300x178.jpg 300w, http:\/\/www.foerderverein-wfbm-melle.de\/wp-content\/uploads\/2017\/12\/Goldene_Momente-768x457.jpg 768w\" sizes=\"auto, (max-width: 920px) 100vw, 920px\" \/><\/a><a href=\"http:\/\/www.foerderverein-wfbm-melle.de\/wp-content\/uploads\/2015\/01\/noz-30032017.pdf\"><img loading=\"lazy\" decoding=\"async\" class=\"alignleft size-full wp-image-475\" src=\"http:\/\/www.foerderverein-wfbm-melle.de\/wp-content\/uploads\/2015\/01\/noz-30032017.jpg\" alt=\"\" width=\"844\" height=\"1748\" srcset=\"http:\/\/www.foerderverein-wfbm-melle.de\/wp-content\/uploads\/2015\/01\/noz-30032017.jpg 844w, http:\/\/www.foerderverein-wfbm-melle.de\/wp-content\/uploads\/2015\/01\/noz-30032017-145x300.jpg 145w, http:\/\/www.foerderverein-wfbm-melle.de\/wp-content\/uploads\/2015\/01\/noz-30032017-768x1591.jpg 768w, http:\/\/www.foerderverein-wfbm-melle.de\/wp-content\/uploads\/2015\/01\/noz-30032017-494x1024.jpg 494w\" sizes=\"auto, (max-width: 844px) 100vw, 844px\" \/><\/a><\/p>\n<p>__________________________________________________________________________________________________________<\/p>\n<figure id=\"attachment_166\" aria-describedby=\"caption-attachment-166\" style=\"width: 876px\" class=\"wp-caption alignleft\"><a href=\"http:\/\/www.foerderverein-wfbm-melle.de\/wp-content\/uploads\/2016\/01\/Osnabrueck_ in_Melle.pdf\"><img loading=\"lazy\" decoding=\"async\" class=\"size-full wp-image-167\" src=\"http:\/\/www.foerderverein-wfbm-melle.de\/wp-content\/uploads\/2016\/01\/Artikel_2016.jpg\" alt=\"\" width=\"876\" height=\"907\" \/><\/a><figcaption id=\"caption-attachment-166\" class=\"wp-caption-text\">&#8222;Artikel &#8211; 01\/ 2016&#8220;<\/figcaption><\/figure>\n<p>__________________________________________________________________________________________________________<\/p>\n<figure id=\"attachment_166\" aria-describedby=\"caption-attachment-166\" style=\"width: 876px\" class=\"wp-caption alignleft\"><a href=\"http:\/\/www.foerderverein-wfbm-melle.de\/wp-content\/uploads\/2015\/11\/Melle_Stadt_Journal_Artikel_11_2015.jpg\"><img loading=\"lazy\" decoding=\"async\" class=\"size-full wp-image-167\" src=\"http:\/\/www.foerderverein-wfbm-melle.de\/wp-content\/uploads\/2015\/11\/Melle_Stadt_Journal_Artikel_11_2015.jpg\" alt=\"\" width=\"876\" height=\"907\" \/><\/a><figcaption id=\"caption-attachment-166\" class=\"wp-caption-text\">&#8222;Artikel -Melle Stadt Journal 10\/11 2015&#8220;<\/figcaption><\/figure>\n<p>__________________________________________________________________________________________________________<\/p>\n<figure id=\"attachment_166\" aria-describedby=\"caption-attachment-166\" style=\"width: 876px\" class=\"wp-caption alignleft\"><a href=\"http:\/\/www.foerderverein-wfbm-melle.de\/wp-content\/uploads\/2015\/07\/NZ_Artikel_07_2015.jpg\"><img loading=\"lazy\" decoding=\"async\" class=\"size-full wp-image-167\" src=\"http:\/\/www.foerderverein-wfbm-melle.de\/wp-content\/uploads\/2015\/07\/NZ_Artikel_07_2015.jpg\" alt=\"\" width=\"876\" height=\"1799\" \/><\/a><figcaption id=\"caption-attachment-166\" class=\"wp-caption-text\">&#8222;Rolf Holtgreve verl\u00e4sst Meller Werkst\u00e4tten-Wir haben in den letzten zehn Jahren gut Fu\u00df gefasst&#8220;<\/figcaption><\/figure>\n<p>__________________________________________________________________________________________________________<\/p>\n<figure id=\"attachment_166\" aria-describedby=\"caption-attachment-166\" style=\"width: 876px\" class=\"wp-caption alignleft\"><a href=\"http:\/\/www.foerderverein-wfbm-melle.de\/wp-content\/uploads\/2015\/01\/NZ_Artikel.jpg\"><img loading=\"lazy\" decoding=\"async\" class=\"size-full wp-image-166\" src=\"http:\/\/www.foerderverein-wfbm-melle.de\/wp-content\/uploads\/2015\/01\/NZ_Artikel.jpg\" alt=\"\" width=\"876\" height=\"1459\" srcset=\"http:\/\/www.foerderverein-wfbm-melle.de\/wp-content\/uploads\/2015\/01\/NZ_Artikel.jpg 876w, http:\/\/www.foerderverein-wfbm-melle.de\/wp-content\/uploads\/2015\/01\/NZ_Artikel-180x300.jpg 180w, http:\/\/www.foerderverein-wfbm-melle.de\/wp-content\/uploads\/2015\/01\/NZ_Artikel-615x1024.jpg 615w\" sizes=\"auto, (max-width: 876px) 100vw, 876px\" \/><\/a><figcaption id=\"caption-attachment-166\" class=\"wp-caption-text\">&#8222;Stille Pause&#8220; f\u00fcr Behinderte der Werkstatt Melle<\/figcaption><\/figure>\n<p>__________________________________________________________________________________________________________<\/p>\n<p><strong>Lokale Nachrichten 2014<\/strong><\/p>\n<p><a href=\"http:\/\/www.foerderverein-wfbm-melle.de\/wp-content\/uploads\/2014\/04\/Foerderverein-Melle-Lokalzeitung.pdf\" target=\"_new\" rel=\"noopener\"><img loading=\"lazy\" decoding=\"async\" src=\"http:\/\/www.foerderverein-wfbm-melle.de\/wp-content\/uploads\/2014\/04\/Presse_Lokal_2014.jpg\" alt=\"Lokale Nachrichten 2014\" width=\"306\" height=\"105\" \/><\/a><\/p>\n<p><a href=\"http:\/\/www.foerderverein-wfbm-melle.de\/wp-content\/uploads\/2014\/04\/Foerderverein-Melle-Lokalzeitung.pdf\">F\u00f6rderverein der Werkstatt f\u00fcr Menschen mit Behinderung in Melle e.V<\/a>.<\/p>","protected":false},"excerpt":{"rendered":"<p>__________________________________________________________________________________________________________ __________________________________________________________________________________________________________ __________________________________________________________________________________________________________ __________________________________________________________________________________________________________ __________________________________________________________________________________________________________ __________________________________________________________________________________________________________ Lokale Nachrichten 2014 F\u00f6rderverein der Werkstatt f\u00fcr Menschen mit Behinderung in Melle e.V.<\/p>\n","protected":false},"author":1,"featured_media":0,"parent":0,"menu_order":0,"comment_status":"closed","ping_status":"closed","template":"","meta":{"footnotes":""},"class_list":["post-170","page","type-page","status-publish","hentry"],"_links":{"self":[{"href":"http:\/\/www.foerderverein-wfbm-melle.de\/index.php?rest_route=\/wp\/v2\/pages\/170","targetHints":{"allow":["GET"]}}],"collection":[{"href":"http:\/\/www.foerderverein-wfbm-melle.de\/index.php?rest_route=\/wp\/v2\/pages"}],"about":[{"href":"http:\/\/www.foerderverein-wfbm-melle.de\/index.php?rest_route=\/wp\/v2\/types\/page"}],"author":[{"embeddable":true,"href":"http:\/\/www.foerderverein-wfbm-melle.de\/index.php?rest_route=\/wp\/v2\/users\/1"}],"replies":[{"embeddable":true,"href":"http:\/\/www.foerderverein-wfbm-melle.de\/index.php?rest_route=%2Fwp%2Fv2%2Fcomments&post=170"}],"version-history":[{"count":26,"href":"http:\/\/www.foerderverein-wfbm-melle.de\/index.php?rest_route=\/wp\/v2\/pages\/170\/revisions"}],"predecessor-version":[{"id":1132,"href":"http:\/\/www.foerderverein-wfbm-melle.de\/index.php?rest_route=\/wp\/v2\/pages\/170\/revisions\/1132"}],"wp:attachment":[{"href":"http:\/\/www.foerderverein-wfbm-melle.de\/index.php?rest_route=%2Fwp%2Fv2%2Fmedia&parent=170"}],"curies":[{"name":"wp","href":"https:\/\/api.w.org\/{rel}","templated":true}]}}